{"id":828,"date":"2018-09-21T16:56:20","date_gmt":"2018-09-21T14:56:20","guid":{"rendered":"http:\/\/kidsofscandinavia.com\/contact\/"},"modified":"2022-05-20T20:56:58","modified_gmt":"2022-05-20T18:56:58","slug":"contact","status":"publish","type":"page","link":"https:\/\/kidsofscandinavia.com\/da\/contact\/","title":{"rendered":"Kontakt"},"content":{"rendered":"\n<div class=\"wp-block-columns\">\n<div class=\"wp-block-column\" style=\"flex-basis:50%\">\n<div class=\"wp-block-image\"><figure class=\"alignleft size-large\"><img loading=\"lazy\" width=\"700\" height=\"933\" src=\"https:\/\/kidsofscandinavia.com\/wp-content\/uploads\/2018\/09\/17-700x933.jpg\" alt=\"\" class=\"wp-image-107\" srcset=\"https:\/\/kidsofscandinavia.com\/wp-content\/uploads\/2018\/09\/17-700x933.jpg 700w, https:\/\/kidsofscandinavia.com\/wp-content\/uploads\/2018\/09\/17-600x800.jpg 600w, https:\/\/kidsofscandinavia.com\/wp-content\/uploads\/2018\/09\/17-250x333.jpg 250w, https:\/\/kidsofscandinavia.com\/wp-content\/uploads\/2018\/09\/17-768x1024.jpg 768w, https:\/\/kidsofscandinavia.com\/wp-content\/uploads\/2018\/09\/17-120x160.jpg 120w, https:\/\/kidsofscandinavia.com\/wp-content\/uploads\/2018\/09\/17-scaled.jpg 1920w\" sizes=\"(max-width: 700px) 100vw, 700px\" \/><\/figure><\/div>\n<\/div>\n\n\n\n<div class=\"wp-block-column\" style=\"flex-basis:40%\">\n<div style=\"height:40px\" aria-hidden=\"true\" class=\"wp-block-spacer\"><\/div>\n\n\n\n<h3 class=\"has-text-align-left\">Kontakt<\/h3>\n\n\n\n<p><strong>Kontor:<\/strong><\/p>\n\n\n\n<p>Kids of Scandinavia ApS<br>Elbagade 38<br>2300 K\u00f8benhavn S<br>Danmark<\/p>\n\n\n\n<p>Tel: +45 52 10 05 15<br><a href=\"mailto:info@kidsofscandinavia.com\">info@kidsofscandinavia.com<\/a><\/p>\n\n\n\n<p>Cvr: DK-39777665<\/p>\n\n\n\n<p><iframe style=\"border: 0;\" src=\"https:\/\/www.google.com\/maps\/embed?pb=!1m18!1m12!1m3!1d2252.065779567996!2d12.648744016435808!3d55.63566978052208!2m3!1f0!2f0!3f0!3m2!1i1024!2i768!4f13.1!3m3!1m2!1s0x4653ab7cc8407799%3A0x3fca7439bd6d2303!2sAmager%20Strandvej%20392%2C%202770%20Kastrup!5e0!3m2!1sda!2sdk!4v1599839116402!5m2!1sda!2sdk\" width=\"100%\" height=\"280\" frameborder=\"0\" allowfullscreen=\"allowfullscreen\"><\/iframe><\/p>\n\n\n\n<p>Kontakt os p\u00e5 ovenst\u00e5ende mail hvis du \u00f8nsker at tale med:<\/p>\n\n\n\n<ul><li>Kundeservice<\/li><li>Salg<\/li><li>Reklamation<\/li><\/ul>\n\n\n\n<p>Har du forslag til designsamarbejde, kontakt os venligst p\u00e5<a href=\"mailto:info@kidsofscandinavia.com\">info@kidsofscandinavia.com<\/a><\/p>\n<\/div>\n<\/div>\n\n\n\n<div style=\"height:75px\" aria-hidden=\"true\" class=\"wp-block-spacer\"><\/div>\n\n\n\n<hr class=\"wp-block-separator is-style-wide\">\n\n\n\n<div style=\"height:75px\" aria-hidden=\"true\" class=\"wp-block-spacer\"><\/div>\n\n\n\n<div class=\"wp-block-columns\">\n<div class=\"wp-block-column hide-mobile hide-tablet-column\">\n<figure class=\"wp-block-image size-medium circled\"><a href=\"https:\/\/kidsofscandinavia.com\/insta\/\"><img loading=\"lazy\" width=\"250\" height=\"333\" src=\"https:\/\/kidsofscandinavia.com\/wp-content\/uploads\/2018\/09\/H-250x333.jpg\" alt=\"\" class=\"wp-image-21\" srcset=\"https:\/\/kidsofscandinavia.com\/wp-content\/uploads\/2018\/09\/H-250x333.jpg 250w, https:\/\/kidsofscandinavia.com\/wp-content\/uploads\/2018\/09\/H-600x800.jpg 600w, https:\/\/kidsofscandinavia.com\/wp-content\/uploads\/2018\/09\/H-768x1024.jpg 768w, https:\/\/kidsofscandinavia.com\/wp-content\/uploads\/2018\/09\/H-700x933.jpg 700w, https:\/\/kidsofscandinavia.com\/wp-content\/uploads\/2018\/09\/H-120x160.jpg 120w, https:\/\/kidsofscandinavia.com\/wp-content\/uploads\/2018\/09\/H-scaled.jpg 1920w\" sizes=\"(max-width: 250px) 100vw, 250px\" \/><\/a><\/figure>\n<\/div>\n\n\n\n<div class=\"wp-block-column hide-mobile hide-tablet-column\">\n<figure class=\"wp-block-image size-medium circled\"><a href=\"https:\/\/kidsofscandinavia.com\/insta\/\"><img src=\"https:\/\/kidsofscandinavia.com\/wp-content\/uploads\/2019\/09\/11-250x333.jpg\" alt=\"\" class=\"wp-image-257\"\/><\/a><\/figure>\n<\/div>\n\n\n\n<div class=\"wp-block-column\">\n<figure class=\"wp-block-image size-medium circled is-style-default\"><a href=\"https:\/\/kidsofscandinavia.com\/insta\/\"><img src=\"https:\/\/kidsofscandinavia.com\/wp-content\/uploads\/2018\/09\/A-250x333.jpg\" alt=\"\" class=\"wp-image-19\"\/><\/a><figcaption>Find us on <strong>Instagram<\/strong><\/figcaption><\/figure>\n<\/div>\n\n\n\n<div class=\"wp-block-column hide-mobile\">\n<figure class=\"wp-block-image size-medium circled is-style-default\"><a href=\"https:\/\/kidsofscandinavia.com\/insta\/\"><img loading=\"lazy\" width=\"250\" height=\"333\" src=\"https:\/\/kidsofscandinavia.com\/wp-content\/uploads\/2018\/09\/19-250x333.jpg\" alt=\"\" class=\"wp-image-16\" srcset=\"https:\/\/kidsofscandinavia.com\/wp-content\/uploads\/2018\/09\/19-250x333.jpg 250w, https:\/\/kidsofscandinavia.com\/wp-content\/uploads\/2018\/09\/19-600x800.jpg 600w, https:\/\/kidsofscandinavia.com\/wp-content\/uploads\/2018\/09\/19-768x1024.jpg 768w, https:\/\/kidsofscandinavia.com\/wp-content\/uploads\/2018\/09\/19-700x933.jpg 700w, https:\/\/kidsofscandinavia.com\/wp-content\/uploads\/2018\/09\/19-120x160.jpg 120w, https:\/\/kidsofscandinavia.com\/wp-content\/uploads\/2018\/09\/19-scaled.jpg 1920w\" sizes=\"(max-width: 250px) 100vw, 250px\" \/><\/a><\/figure>\n<\/div>\n\n\n\n<div class=\"wp-block-column hide-mobile hide-tablet-column\">\n<figure class=\"wp-block-image size-medium circled\"><a href=\"https:\/\/kidsofscandinavia.com\/insta\/\"><img src=\"https:\/\/kidsofscandinavia.com\/wp-content\/uploads\/2019\/09\/21-250x333.jpg\" alt=\"\" class=\"wp-image-256\"\/><\/a><\/figure>\n<\/div>\n<\/div>\n","protected":false},"excerpt":{"rendered":"Kontakt Kontor: Kids of Scandinavia ApSElbagade 382300 K\u00f8benhavn SDanmark Tel: +45 52 10 05 15info@kidsofscandinavia.com Cvr: DK-39777665 Kontakt os p\u00e5 ovenst\u00e5ende mail hvis du \u00f8nsker at tale med: Kundeservice Salg Reklamation Har du forslag til designsamarbejde, kontakt os venligst p\u00e5info@kidsofscandinavia.com","protected":false},"author":1,"featured_media":0,"parent":0,"menu_order":0,"comment_status":"closed","ping_status":"closed","template":"","meta":[],"_links":{"self":[{"href":"https:\/\/kidsofscandinavia.com\/da\/wp-json\/wp\/v2\/pages\/828"}],"collection":[{"href":"https:\/\/kidsofscandinavia.com\/da\/wp-json\/wp\/v2\/pages"}],"about":[{"href":"https:\/\/kidsofscandinavia.com\/da\/wp-json\/wp\/v2\/types\/page"}],"author":[{"embeddable":true,"href":"https:\/\/kidsofscandinavia.com\/da\/wp-json\/wp\/v2\/users\/1"}],"replies":[{"embeddable":true,"href":"https:\/\/kidsofscandinavia.com\/da\/wp-json\/wp\/v2\/comments?post=828"}],"version-history":[{"count":2,"href":"https:\/\/kidsofscandinavia.com\/da\/wp-json\/wp\/v2\/pages\/828\/revisions"}],"predecessor-version":[{"id":830,"href":"https:\/\/kidsofscandinavia.com\/da\/wp-json\/wp\/v2\/pages\/828\/revisions\/830"}],"wp:attachment":[{"href":"https:\/\/kidsofscandinavia.com\/da\/wp-json\/wp\/v2\/media?parent=828"}],"curies":[{"name":"wp","href":"https:\/\/api.w.org\/{rel}","templated":true}]}}