{"id":831,"date":"2018-09-21T16:48:12","date_gmt":"2018-09-21T14:48:12","guid":{"rendered":"https:\/\/kidsofscandinavia.com\/om-kos\/"},"modified":"2022-05-20T20:41:33","modified_gmt":"2022-05-20T18:41:33","slug":"om-kos","status":"publish","type":"page","link":"https:\/\/kidsofscandinavia.com\/da\/om-kos\/","title":{"rendered":"Om KOS"},"content":{"rendered":"\n<div class=\"wp-block-columns\">\n<div class=\"wp-block-column\" style=\"flex-basis:50%\">\n<div class=\"wp-block-image\"><figure class=\"alignleft size-large\"><img loading=\"lazy\" width=\"700\" height=\"936\" src=\"https:\/\/kidsofscandinavia.com\/wp-content\/uploads\/2018\/09\/20-700x936.jpg\" alt=\"\" class=\"wp-image-17\" srcset=\"https:\/\/kidsofscandinavia.com\/wp-content\/uploads\/2018\/09\/20-700x936.jpg 700w, https:\/\/kidsofscandinavia.com\/wp-content\/uploads\/2018\/09\/20-600x802.jpg 600w, https:\/\/kidsofscandinavia.com\/wp-content\/uploads\/2018\/09\/20-250x334.jpg 250w, https:\/\/kidsofscandinavia.com\/wp-content\/uploads\/2018\/09\/20-768x1026.jpg 768w, https:\/\/kidsofscandinavia.com\/wp-content\/uploads\/2018\/09\/20-120x160.jpg 120w, https:\/\/kidsofscandinavia.com\/wp-content\/uploads\/2018\/09\/20-scaled.jpg 1915w\" sizes=\"(max-width: 700px) 100vw, 700px\" \/><\/figure><\/div>\n<\/div>\n\n\n\n<div class=\"wp-block-column\" style=\"flex-basis:40%\">\n<div style=\"height:40px\" aria-hidden=\"true\" class=\"wp-block-spacer\"><\/div>\n\n\n\n<h3 class=\"has-text-align-left\">om os<\/h3>\n\n\n\n<p>Mindes du f\u00f8lelsen du havde som barn, n\u00e5r du fik et nyt m\u00f8bel? M\u00e5ske var det ikke en stor oplevelse, for som bar s\u00e5 du m\u00e5ske bare en stol, et bord eller en seng Men hvorfor ikke involvere barnet i m\u00f8blet, ved at skabe sjove og s\u00f8de m\u00f8bler? Men samtidig m\u00f8bler af en h\u00f8j kvalitet. M\u00f8bler som \u201dtaler\u201d til barnet s\u00e5 det f\u00e5r f\u00f8lelsen af at v\u00e6re involveret i produktet?<\/p>\n\n\n\n<p>Baseret p\u00e5 denne filosofi skabte vi firmaet Kids of Scandinavia. Vi \u00f8nskede at involvere barnet i produkterne, s\u00e5 barnet m\u00e5ske kunne se produkterne p\u00e5 en anden m\u00e5de. Kunne vi give m\u00f8blerne en personlighed?<\/p>\n\n\n\n<p>Derfor var vores umiddelbare valg af produkter meget let. Hvad kunne v\u00e6re mere s\u00e6dt og venligt end Miffy figuren?<\/p>\n\n\n\n<p>Vi havde ogs\u00e5 et stor \u00f8nske om at vores produkter skulle v\u00e6re elskelige. Produkter som du kan omfavne og \u00e5bne dit hjerte overfor. Produkter som ville give barnet en speciel f\u00f8lelse af varme og k\u00e6rlighed<\/p>\n\n\n\n<p>Desuden prioriterede vi det meget h\u00f8jt at h\u00e5ndv\u00e6rket, b\u00e6redygtighed og milj\u00f8 hensyn blev inkluderet i produktionen.<\/p>\n\n\n\n<p>Ved at sammenl\u00e6gge disse 3 faktorer med vores \u00f8nske om at involvere barnet i produktet, er det lykkedes os at fremstille den f\u00f8rste serie af b\u00f8rnem\u00f8bler: Miffy My Furniture \u2013 fremstillet i Sverige \u2013 Dansk Design \u2013 elsket af b\u00e5de b\u00f8rn og for\u00e6ldre<\/p>\n\n\n\n<p>og vi vil l\u00f8bende udvikle flere produkter<\/p>\n<\/div>\n<\/div>\n\n\n\n<div style=\"height:75px\" aria-hidden=\"true\" class=\"wp-block-spacer\"><\/div>\n\n\n\n<hr class=\"wp-block-separator is-style-wide\">\n\n\n\n<div style=\"height:75px\" aria-hidden=\"true\" class=\"wp-block-spacer\"><\/div>\n\n\n\n<div class=\"wp-block-columns\">\n<div class=\"wp-block-column hide-mobile hide-tablet-column\">\n<figure class=\"wp-block-image size-medium circled\"><a href=\"https:\/\/kidsofscandinavia.com\/insta\/\"><img loading=\"lazy\" width=\"250\" height=\"333\" src=\"https:\/\/kidsofscandinavia.com\/wp-content\/uploads\/2018\/09\/H-250x333.jpg\" alt=\"\" class=\"wp-image-21\" srcset=\"https:\/\/kidsofscandinavia.com\/wp-content\/uploads\/2018\/09\/H-250x333.jpg 250w, https:\/\/kidsofscandinavia.com\/wp-content\/uploads\/2018\/09\/H-600x800.jpg 600w, https:\/\/kidsofscandinavia.com\/wp-content\/uploads\/2018\/09\/H-768x1024.jpg 768w, https:\/\/kidsofscandinavia.com\/wp-content\/uploads\/2018\/09\/H-700x933.jpg 700w, https:\/\/kidsofscandinavia.com\/wp-content\/uploads\/2018\/09\/H-120x160.jpg 120w, https:\/\/kidsofscandinavia.com\/wp-content\/uploads\/2018\/09\/H-scaled.jpg 1920w\" sizes=\"(max-width: 250px) 100vw, 250px\" \/><\/a><\/figure>\n<\/div>\n\n\n\n<div class=\"wp-block-column hide-mobile hide-tablet-column\">\n<figure class=\"wp-block-image size-medium circled\"><a href=\"https:\/\/kidsofscandinavia.com\/insta\/\"><img src=\"https:\/\/kidsofscandinavia.com\/wp-content\/uploads\/2019\/09\/11-250x333.jpg\" alt=\"\" class=\"wp-image-257\"\/><\/a><\/figure>\n<\/div>\n\n\n\n<div class=\"wp-block-column\">\n<figure class=\"wp-block-image size-medium circled is-style-default\"><a href=\"https:\/\/kidsofscandinavia.com\/insta\/\"><img src=\"https:\/\/kidsofscandinavia.com\/wp-content\/uploads\/2018\/09\/A-250x333.jpg\" alt=\"\" class=\"wp-image-19\"\/><\/a><figcaption>Find us on <strong>Instagram<\/strong><\/figcaption><\/figure>\n<\/div>\n\n\n\n<div class=\"wp-block-column hide-mobile\">\n<figure class=\"wp-block-image size-medium circled is-style-default\"><a href=\"https:\/\/kidsofscandinavia.com\/insta\/\"><img loading=\"lazy\" width=\"250\" height=\"333\" src=\"https:\/\/kidsofscandinavia.com\/wp-content\/uploads\/2018\/09\/19-250x333.jpg\" alt=\"\" class=\"wp-image-16\" srcset=\"https:\/\/kidsofscandinavia.com\/wp-content\/uploads\/2018\/09\/19-250x333.jpg 250w, https:\/\/kidsofscandinavia.com\/wp-content\/uploads\/2018\/09\/19-600x800.jpg 600w, https:\/\/kidsofscandinavia.com\/wp-content\/uploads\/2018\/09\/19-768x1024.jpg 768w, https:\/\/kidsofscandinavia.com\/wp-content\/uploads\/2018\/09\/19-700x933.jpg 700w, https:\/\/kidsofscandinavia.com\/wp-content\/uploads\/2018\/09\/19-120x160.jpg 120w, https:\/\/kidsofscandinavia.com\/wp-content\/uploads\/2018\/09\/19-scaled.jpg 1920w\" sizes=\"(max-width: 250px) 100vw, 250px\" \/><\/a><\/figure>\n<\/div>\n\n\n\n<div class=\"wp-block-column hide-mobile hide-tablet-column\">\n<figure class=\"wp-block-image size-medium circled\"><a href=\"https:\/\/kidsofscandinavia.com\/insta\/\"><img src=\"https:\/\/kidsofscandinavia.com\/wp-content\/uploads\/2019\/09\/21-250x333.jpg\" alt=\"\" class=\"wp-image-256\"\/><\/a><\/figure>\n<\/div>\n<\/div>\n","protected":false},"excerpt":{"rendered":"om os Mindes du f\u00f8lelsen du havde som barn, n\u00e5r du fik et nyt m\u00f8bel? M\u00e5ske var det ikke en stor oplevelse, for som bar s\u00e5 du m\u00e5ske bare en stol, et bord eller en seng Men hvorfor ikke involvere barnet i m\u00f8blet, ved at skabe sjove og s\u00f8de m\u00f8bler? Men samtidig m\u00f8bler af en&#8230; <br><br><a class=\"view-article\" href=\"https:\/\/kidsofscandinavia.com\/da\/om-kos\/\"><i class=\"fa fa-arrow-circle-o-right\"><\/i>L\u00e6s artikel<\/a>","protected":false},"author":1,"featured_media":0,"parent":0,"menu_order":0,"comment_status":"closed","ping_status":"closed","template":"","meta":[],"_links":{"self":[{"href":"https:\/\/kidsofscandinavia.com\/da\/wp-json\/wp\/v2\/pages\/831"}],"collection":[{"href":"https:\/\/kidsofscandinavia.com\/da\/wp-json\/wp\/v2\/pages"}],"about":[{"href":"https:\/\/kidsofscandinavia.com\/da\/wp-json\/wp\/v2\/types\/page"}],"author":[{"embeddable":true,"href":"https:\/\/kidsofscandinavia.com\/da\/wp-json\/wp\/v2\/users\/1"}],"replies":[{"embeddable":true,"href":"https:\/\/kidsofscandinavia.com\/da\/wp-json\/wp\/v2\/comments?post=831"}],"version-history":[{"count":1,"href":"https:\/\/kidsofscandinavia.com\/da\/wp-json\/wp\/v2\/pages\/831\/revisions"}],"predecessor-version":[{"id":834,"href":"https:\/\/kidsofscandinavia.com\/da\/wp-json\/wp\/v2\/pages\/831\/revisions\/834"}],"wp:attachment":[{"href":"https:\/\/kidsofscandinavia.com\/da\/wp-json\/wp\/v2\/media?parent=831"}],"curies":[{"name":"wp","href":"https:\/\/api.w.org\/{rel}","templated":true}]}}