{"id":832,"date":"2018-09-21T16:50:08","date_gmt":"2018-09-21T14:50:08","guid":{"rendered":"https:\/\/kidsofscandinavia.com\/om-miffy\/"},"modified":"2018-09-21T16:50:08","modified_gmt":"2018-09-21T14:50:08","slug":"om-miffy","status":"publish","type":"page","link":"https:\/\/kidsofscandinavia.com\/da\/om-miffy\/","title":{"rendered":"Om Miffy"},"content":{"rendered":"\n<div class=\"wp-block-columns\">\n<div class=\"wp-block-column\" style=\"flex-basis:50%\">\n<div class=\"wp-block-image\"><figure class=\"alignleft size-large\"><img src=\"https:\/\/kidsofscandinavia.com\/wp-content\/uploads\/2018\/09\/5-700x933.jpg\" alt=\"\" class=\"wp-image-12\"><\/figure><\/div>\n<\/div>\n\n\n\n<div class=\"wp-block-column\" style=\"flex-basis:40%\">\n<div style=\"height:40px\" aria-hidden=\"true\" class=\"wp-block-spacer\"><\/div>\n\n\n\n<h3 class=\"has-text-align-left\">Om Miffy<\/h3>\n\n\n\n<p>Miffy figuren bliver stadig mere og mere kendt og de fleste b\u00f8rn kender Miffy og hendes s\u00f8de ansigt.<\/p>\n\n\n\n<p>I Holland tilbage i 1955 p\u00e5 en familieferie startede Dick Bruna med at fort\u00e6lle sin s\u00f8n historier om en lille kanin, de havde set i klitterne. Og s\u00e5dan blev Miffy \u201df\u00f8dt\u201d Miffy blev til en hun-kanin efter Dick Bruna havde besluttet, at han \u00f8nskede at tegne en kjole og ikke bukser p\u00e5 sin kanin.<\/p>\n\n\n\n<p>Miffy er Dick Brunas mest kendte og popul\u00e6re figur, som optr\u00e6der i mere end 30 b\u00f8ger, som er langt mere end nogle af de andre figure han har opfundet. Miffy appellerer til b\u00f8rn over hele verden og udsender en form for tryghed. . Mange b\u00f8rn kan identificere sig med Miffy og hendes eventyr. Miffy er ukompliceret og uskyldig, hun har en positiv indstilling og er altid \u00e5ben overfor nye oplevelser.<\/p>\n<\/div>\n<\/div>\n\n\n\n<div style=\"height:75px\" aria-hidden=\"true\" class=\"wp-block-spacer\"><\/div>\n\n\n\n<hr class=\"wp-block-separator is-style-wide\">\n\n\n\n<div style=\"height:75px\" aria-hidden=\"true\" class=\"wp-block-spacer\"><\/div>\n\n\n\n<div class=\"wp-block-columns\">\n<div class=\"wp-block-column hide-mobile hide-tablet-column\">\n<figure class=\"wp-block-image size-medium circled\"><a href=\"https:\/\/kidsofscandinavia.com\/insta\/\"><img loading=\"lazy\" width=\"250\" height=\"333\" src=\"https:\/\/kidsofscandinavia.com\/wp-content\/uploads\/2018\/09\/H-250x333.jpg\" alt=\"\" class=\"wp-image-21\" srcset=\"https:\/\/kidsofscandinavia.com\/wp-content\/uploads\/2018\/09\/H-250x333.jpg 250w, https:\/\/kidsofscandinavia.com\/wp-content\/uploads\/2018\/09\/H-600x800.jpg 600w, https:\/\/kidsofscandinavia.com\/wp-content\/uploads\/2018\/09\/H-768x1024.jpg 768w, https:\/\/kidsofscandinavia.com\/wp-content\/uploads\/2018\/09\/H-700x933.jpg 700w, https:\/\/kidsofscandinavia.com\/wp-content\/uploads\/2018\/09\/H-120x160.jpg 120w, https:\/\/kidsofscandinavia.com\/wp-content\/uploads\/2018\/09\/H-scaled.jpg 1920w\" sizes=\"(max-width: 250px) 100vw, 250px\" \/><\/a><\/figure>\n<\/div>\n\n\n\n<div class=\"wp-block-column hide-mobile hide-tablet-column\">\n<figure class=\"wp-block-image size-medium circled\"><a href=\"https:\/\/kidsofscandinavia.com\/insta\/\"><img src=\"https:\/\/kidsofscandinavia.com\/wp-content\/uploads\/2019\/09\/11-250x333.jpg\" alt=\"\" class=\"wp-image-257\"\/><\/a><\/figure>\n<\/div>\n\n\n\n<div class=\"wp-block-column\">\n<figure class=\"wp-block-image size-medium circled is-style-default\"><a href=\"https:\/\/kidsofscandinavia.com\/insta\/\"><img src=\"https:\/\/kidsofscandinavia.com\/wp-content\/uploads\/2018\/09\/A-250x333.jpg\" alt=\"\" class=\"wp-image-19\"\/><\/a><figcaption>Find us on <strong>Instagram<\/strong><\/figcaption><\/figure>\n<\/div>\n\n\n\n<div class=\"wp-block-column hide-mobile\">\n<figure class=\"wp-block-image size-medium circled is-style-default\"><a href=\"https:\/\/kidsofscandinavia.com\/insta\/\"><img loading=\"lazy\" width=\"250\" height=\"333\" src=\"https:\/\/kidsofscandinavia.com\/wp-content\/uploads\/2018\/09\/19-250x333.jpg\" alt=\"\" class=\"wp-image-16\" srcset=\"https:\/\/kidsofscandinavia.com\/wp-content\/uploads\/2018\/09\/19-250x333.jpg 250w, https:\/\/kidsofscandinavia.com\/wp-content\/uploads\/2018\/09\/19-600x800.jpg 600w, https:\/\/kidsofscandinavia.com\/wp-content\/uploads\/2018\/09\/19-768x1024.jpg 768w, https:\/\/kidsofscandinavia.com\/wp-content\/uploads\/2018\/09\/19-700x933.jpg 700w, https:\/\/kidsofscandinavia.com\/wp-content\/uploads\/2018\/09\/19-120x160.jpg 120w, https:\/\/kidsofscandinavia.com\/wp-content\/uploads\/2018\/09\/19-scaled.jpg 1920w\" sizes=\"(max-width: 250px) 100vw, 250px\" \/><\/a><\/figure>\n<\/div>\n\n\n\n<div class=\"wp-block-column hide-mobile hide-tablet-column\">\n<figure class=\"wp-block-image size-medium circled\"><a href=\"https:\/\/kidsofscandinavia.com\/insta\/\"><img src=\"https:\/\/kidsofscandinavia.com\/wp-content\/uploads\/2019\/09\/21-250x333.jpg\" alt=\"\" class=\"wp-image-256\"\/><\/a><\/figure>\n<\/div>\n<\/div>\n","protected":false},"excerpt":{"rendered":"Om Miffy Miffy figuren bliver stadig mere og mere kendt og de fleste b\u00f8rn kender Miffy og hendes s\u00f8de ansigt. I Holland tilbage i 1955 p\u00e5 en familieferie startede Dick Bruna med at fort\u00e6lle sin s\u00f8n historier om en lille kanin, de havde set i klitterne. Og s\u00e5dan blev Miffy \u201df\u00f8dt\u201d Miffy blev til en&#8230; <br><br><a class=\"view-article\" href=\"https:\/\/kidsofscandinavia.com\/da\/om-miffy\/\"><i class=\"fa fa-arrow-circle-o-right\"><\/i>L\u00e6s artikel<\/a>","protected":false},"author":1,"featured_media":0,"parent":0,"menu_order":0,"comment_status":"closed","ping_status":"closed","template":"","meta":[],"_links":{"self":[{"href":"https:\/\/kidsofscandinavia.com\/da\/wp-json\/wp\/v2\/pages\/832"}],"collection":[{"href":"https:\/\/kidsofscandinavia.com\/da\/wp-json\/wp\/v2\/pages"}],"about":[{"href":"https:\/\/kidsofscandinavia.com\/da\/wp-json\/wp\/v2\/types\/page"}],"author":[{"embeddable":true,"href":"https:\/\/kidsofscandinavia.com\/da\/wp-json\/wp\/v2\/users\/1"}],"replies":[{"embeddable":true,"href":"https:\/\/kidsofscandinavia.com\/da\/wp-json\/wp\/v2\/comments?post=832"}],"version-history":[{"count":0,"href":"https:\/\/kidsofscandinavia.com\/da\/wp-json\/wp\/v2\/pages\/832\/revisions"}],"wp:attachment":[{"href":"https:\/\/kidsofscandinavia.com\/da\/wp-json\/wp\/v2\/media?parent=832"}],"curies":[{"name":"wp","href":"https:\/\/api.w.org\/{rel}","templated":true}]}}