{"id":833,"date":"2018-09-21T15:20:47","date_gmt":"2018-09-21T13:20:47","guid":{"rendered":"https:\/\/kidsofscandinavia.com\/forside\/"},"modified":"2018-09-21T15:20:47","modified_gmt":"2018-09-21T13:20:47","slug":"forside","status":"publish","type":"page","link":"https:\/\/kidsofscandinavia.com\/da\/forside\/","title":{"rendered":"Forside"},"content":{"rendered":"<p>[vc_section el_class=&#8221;header&#8221;][vc_row el_class=&#8221;wrapper&#8221;][vc_column width=&#8221;2\/3&#8243;][\/vc_column][vc_column width=&#8221;1\/3&#8243;][vc_column_text el_class=&#8221;header-box&#8221;]<\/p>\n<h1>Miffy My Furniture:<\/h1>\n<p>En b\u00f8rnem\u00f8bel-serie baseret p\u00e5<br \/>\nden verdensber\u00f8mte hollandske figur<br \/>\nMiffy \u00ae af Dick Bruna.<\/p>\n<div class=\"cta\"><a href=\"https:\/\/kidsofscandinavia.com\/about-miffy-my-chair\/\">l\u00e6s mere<\/a><\/div>\n<p>[\/vc_column_text][\/vc_column][\/vc_row][\/vc_section][vc_section el_class=&#8221;wrapper sektion-1&#8243;][vc_row][vc_column width=&#8221;1\/3&#8243; el_class=&#8221;box bg-1&#8243;][\/vc_column][vc_column width=&#8221;1\/3&#8243; el_class=&#8221;box bg-2&#8243;][vc_column_text]<\/p>\n<div class=\"cta\"><a href=\"https:\/\/kidsofscandinavia.com\/become-a-reseller\/\">Bliv forhandler<\/a><\/div>\n<p>[\/vc_column_text][\/vc_column][vc_column width=&#8221;1\/3&#8243; el_class=&#8221;box bg-3&#8243;][\/vc_column][\/vc_row][\/vc_section][vc_section el_class=&#8221;wrapper sektion-2&#8243;][vc_row][vc_column width=&#8221;1\/2&#8243; el_class=&#8221;box bg-4&#8243;][vc_column_text]<\/p>\n<div class=\"cta\"><a href=\"https:\/\/kidsofscandinavia.com\/about-kids-of-scandinavia\/\">Om Kids of Scandinavia<\/a><\/div>\n<p>[\/vc_column_text][\/vc_column][vc_column width=&#8221;1\/2&#8243; el_class=&#8221;box bg-5&#8243;][\/vc_column][\/vc_row][\/vc_section][vc_section el_class=&#8221;full&#8221;][vc_row el_class=&#8221;wrapper&#8221;][vc_column width=&#8221;2\/3&#8243;][\/vc_column][vc_column width=&#8221;1\/3&#8243;][vc_column_text el_class=&#8221;full-box&#8221;]<\/p>\n<h1>Historien om Miffy My Chair<\/h1>\n<p>Engang midt i en stor, smuk, gr\u00f8n svensk skov boede en t\u00f8mrer ved navn Peter sammen med sin kone og deres tre b\u00f8rn Mikael, Maria og Marlena&#8230;<\/p>\n<div class=\"cta\"><a href=\"https:\/\/kidsofscandinavia.com\/the-story-about-miffy-my-chair\/\">L\u00e6s mere<\/a><\/div>\n<p>[\/vc_column_text][\/vc_column][\/vc_row][\/vc_section][vc_section el_class=&#8221;wrapper sektion-2&#8243;][\/vc_section][vc_section el_class=&#8221;wrapper sektion-1&#8243;][vc_row][vc_column width=&#8221;1\/3&#8243; el_class=&#8221;box bg-6&#8243;][vc_column_text]<\/p>\n<div class=\"cta\"><a href=\"https:\/\/kidsofscandinavia.com\/press\/\">Presse<\/a><\/div>\n<p>[\/vc_column_text][\/vc_column][vc_column width=&#8221;1\/3&#8243; el_class=&#8221;box bg-7&#8243;][vc_column_text]<\/p>\n<div class=\"cta\"><a href=\"https:\/\/kidsofscandinavia.com\/about-miffy\/\">om Miffy<\/a><\/div>\n<p>[\/vc_column_text][\/vc_column][vc_column width=&#8221;1\/3&#8243; el_class=&#8221;box bg-8&#8243;][vc_column_text]<\/p>\n<div class=\"cta\"><a href=\"https:\/\/kidsofscandinavia.com\/insta\/\">Insta<\/a><\/div>\n<p>[\/vc_column_text][\/vc_column][\/vc_row][\/vc_section]<\/p>\n","protected":false},"excerpt":{"rendered":"[vc_section el_class=&#8221;header&#8221;][vc_row el_class=&#8221;wrapper&#8221;][vc_column width=&#8221;2\/3&#8243;][\/vc_column][vc_column width=&#8221;1\/3&#8243;][vc_column_text el_class=&#8221;header-box&#8221;] Miffy My Furniture: En b\u00f8rnem\u00f8bel-serie baseret p\u00e5 den verdensber\u00f8mte hollandske figur Miffy \u00ae af Dick Bruna. l\u00e6s mere [\/vc_column_text][\/vc_column][\/vc_row][\/vc_section][vc_section el_class=&#8221;wrapper sektion-1&#8243;][vc_row][vc_column width=&#8221;1\/3&#8243; el_class=&#8221;box bg-1&#8243;][\/vc_column][vc_column width=&#8221;1\/3&#8243; el_class=&#8221;box bg-2&#8243;][vc_column_text] Bliv forhandler [\/vc_column_text][\/vc_column][vc_column width=&#8221;1\/3&#8243; el_class=&#8221;box bg-3&#8243;][\/vc_column][\/vc_row][\/vc_section][vc_section el_class=&#8221;wrapper sektion-2&#8243;][vc_row][vc_column width=&#8221;1\/2&#8243; el_class=&#8221;box bg-4&#8243;][vc_column_text] Om Kids of Scandinavia [\/vc_column_text][\/vc_column][vc_column width=&#8221;1\/2&#8243; el_class=&#8221;box bg-5&#8243;][\/vc_column][\/vc_row][\/vc_section][vc_section el_class=&#8221;full&#8221;][vc_row el_class=&#8221;wrapper&#8221;][vc_column width=&#8221;2\/3&#8243;][\/vc_column][vc_column&#8230; <br><br><a class=\"view-article\" href=\"https:\/\/kidsofscandinavia.com\/da\/forside\/\"><i class=\"fa fa-arrow-circle-o-right\"><\/i>L\u00e6s artikel<\/a>","protected":false},"author":1,"featured_media":0,"parent":0,"menu_order":0,"comment_status":"closed","ping_status":"closed","template":"","meta":[],"_links":{"self":[{"href":"https:\/\/kidsofscandinavia.com\/da\/wp-json\/wp\/v2\/pages\/833"}],"collection":[{"href":"https:\/\/kidsofscandinavia.com\/da\/wp-json\/wp\/v2\/pages"}],"about":[{"href":"https:\/\/kidsofscandinavia.com\/da\/wp-json\/wp\/v2\/types\/page"}],"author":[{"embeddable":true,"href":"https:\/\/kidsofscandinavia.com\/da\/wp-json\/wp\/v2\/users\/1"}],"replies":[{"embeddable":true,"href":"https:\/\/kidsofscandinavia.com\/da\/wp-json\/wp\/v2\/comments?post=833"}],"version-history":[{"count":0,"href":"https:\/\/kidsofscandinavia.com\/da\/wp-json\/wp\/v2\/pages\/833\/revisions"}],"wp:attachment":[{"href":"https:\/\/kidsofscandinavia.com\/da\/wp-json\/wp\/v2\/media?parent=833"}],"curies":[{"name":"wp","href":"https:\/\/api.w.org\/{rel}","templated":true}]}}