{"id":835,"date":"2018-09-21T16:33:48","date_gmt":"2018-09-21T14:33:48","guid":{"rendered":"https:\/\/kidsofscandinavia.com\/om-miffy-my-chair\/"},"modified":"2018-09-21T16:33:48","modified_gmt":"2018-09-21T14:33:48","slug":"om-miffy-my-chair","status":"publish","type":"page","link":"https:\/\/kidsofscandinavia.com\/da\/om-miffy-my-chair\/","title":{"rendered":"Om Miffy My Chair"},"content":{"rendered":"\n<div class=\"wp-block-columns\">\n<div class=\"wp-block-column\" style=\"flex-basis:50%\">\n<div class=\"wp-block-image\"><figure class=\"alignleft size-large\"><img loading=\"lazy\" width=\"700\" height=\"933\" src=\"https:\/\/kidsofscandinavia.com\/wp-content\/uploads\/2018\/09\/10-700x933.jpg\" alt=\"\" class=\"wp-image-14\" srcset=\"https:\/\/kidsofscandinavia.com\/wp-content\/uploads\/2018\/09\/10-700x933.jpg 700w, https:\/\/kidsofscandinavia.com\/wp-content\/uploads\/2018\/09\/10-600x800.jpg 600w, https:\/\/kidsofscandinavia.com\/wp-content\/uploads\/2018\/09\/10-250x333.jpg 250w, https:\/\/kidsofscandinavia.com\/wp-content\/uploads\/2018\/09\/10-768x1024.jpg 768w, https:\/\/kidsofscandinavia.com\/wp-content\/uploads\/2018\/09\/10-120x160.jpg 120w, https:\/\/kidsofscandinavia.com\/wp-content\/uploads\/2018\/09\/10-scaled.jpg 1920w\" sizes=\"(max-width: 700px) 100vw, 700px\" \/><\/figure><\/div>\n<\/div>\n\n\n\n<div class=\"wp-block-column\" style=\"flex-basis:40%\">\n<div style=\"height:40px\" aria-hidden=\"true\" class=\"wp-block-spacer\"><\/div>\n\n\n\n<h3>Om Miffy My Chair<\/h3>\n\n\n\n<p>Er en stol bare en stol?&#8230;&#8230;nej, ikke i dette tilf\u00e6lde Med Miffy My Chair f\u00e5r du et unikt h\u00e5ndlavet m\u00f8bel, der er resultatet af en kombination af mange \u00e5rs erfaring med at arbejde med tr\u00e6 og produktudvikling.<\/p>\n\n\n\n<p>Har du nogensiden haft en ynglingsstol? Stolen der venter p\u00e5 dig, n\u00e5r du kommer hjem? Forestil dig at du kommer ind i dit v\u00e6relse og lige foran dig st\u00e5r din egen helt specielle stol, som siger velkommen hjem. Hvorfor skal barnet ikke have den oplevelse?<\/p>\n\n\n\n<p>Baseret p\u00e5 de verdensber\u00f8mte historier om Miffy blev Miffy My Chair skabt med det form\u00e5l at give den s\u00e6rlige f\u00f8lelse af at komme hjem til b\u00f8rn. Miffy My Chair passer perfekt ind i enhver indretning og giver rummet en varm og indbydende stemning.<\/p>\n\n\n\n<p>Serien best\u00e5r af Miffy My Chair, Miffy My Table, Miffy My Bench, og Miffy My Stool.<\/p>\n\n\n\n<p><strong>Specifikations for Miffy My Chair<\/strong>:<\/p>\n\n\n\n<p>Egnet til alder 2 \u2013 6 years<br>Fremstillet af massivt tr\u00e6. S\u00e6de\/ryg fyrretr\u00e6, ben af \u200b\u200bbirk<br>M\u00e5l: 590 x 320 x 300 mm<br>Siddeh\u00f8jde 250 mm<br>Nettov\u00e6gt: 2,1 kg<br>EAN: 5700002132543<\/p>\n\n\n\n<p>\u00a9 Mercis bv<\/p>\n<\/div>\n<\/div>\n\n\n\n<div style=\"height:75px\" aria-hidden=\"true\" class=\"wp-block-spacer\"><\/div>\n\n\n\n<hr class=\"wp-block-separator is-style-wide\">\n\n\n\n<div style=\"height:75px\" aria-hidden=\"true\" class=\"wp-block-spacer\"><\/div>\n\n\n\n<div class=\"wp-block-columns\">\n<div class=\"wp-block-column hide-mobile hide-tablet-column\">\n<figure class=\"wp-block-image size-medium circled\"><a href=\"https:\/\/kidsofscandinavia.com\/insta\/\"><img loading=\"lazy\" width=\"250\" height=\"333\" src=\"https:\/\/kidsofscandinavia.com\/wp-content\/uploads\/2018\/09\/H-250x333.jpg\" alt=\"\" class=\"wp-image-21\" srcset=\"https:\/\/kidsofscandinavia.com\/wp-content\/uploads\/2018\/09\/H-250x333.jpg 250w, https:\/\/kidsofscandinavia.com\/wp-content\/uploads\/2018\/09\/H-600x800.jpg 600w, https:\/\/kidsofscandinavia.com\/wp-content\/uploads\/2018\/09\/H-768x1024.jpg 768w, https:\/\/kidsofscandinavia.com\/wp-content\/uploads\/2018\/09\/H-700x933.jpg 700w, https:\/\/kidsofscandinavia.com\/wp-content\/uploads\/2018\/09\/H-120x160.jpg 120w, https:\/\/kidsofscandinavia.com\/wp-content\/uploads\/2018\/09\/H-scaled.jpg 1920w\" sizes=\"(max-width: 250px) 100vw, 250px\" \/><\/a><\/figure>\n<\/div>\n\n\n\n<div class=\"wp-block-column hide-mobile hide-tablet-column\">\n<figure class=\"wp-block-image size-medium circled\"><a href=\"https:\/\/kidsofscandinavia.com\/insta\/\"><img src=\"https:\/\/kidsofscandinavia.com\/wp-content\/uploads\/2019\/09\/11-250x333.jpg\" alt=\"\" class=\"wp-image-257\"\/><\/a><\/figure>\n<\/div>\n\n\n\n<div class=\"wp-block-column\">\n<figure class=\"wp-block-image size-medium circled is-style-default\"><a href=\"https:\/\/kidsofscandinavia.com\/insta\/\"><img src=\"https:\/\/kidsofscandinavia.com\/wp-content\/uploads\/2018\/09\/A-250x333.jpg\" alt=\"\" class=\"wp-image-19\"\/><\/a><figcaption>Find us on <strong>Instagram<\/strong><\/figcaption><\/figure>\n<\/div>\n\n\n\n<div class=\"wp-block-column hide-mobile\">\n<figure class=\"wp-block-image size-medium circled is-style-default\"><a href=\"https:\/\/kidsofscandinavia.com\/insta\/\"><img loading=\"lazy\" width=\"250\" height=\"333\" src=\"https:\/\/kidsofscandinavia.com\/wp-content\/uploads\/2018\/09\/19-250x333.jpg\" alt=\"\" class=\"wp-image-16\" srcset=\"https:\/\/kidsofscandinavia.com\/wp-content\/uploads\/2018\/09\/19-250x333.jpg 250w, https:\/\/kidsofscandinavia.com\/wp-content\/uploads\/2018\/09\/19-600x800.jpg 600w, https:\/\/kidsofscandinavia.com\/wp-content\/uploads\/2018\/09\/19-768x1024.jpg 768w, https:\/\/kidsofscandinavia.com\/wp-content\/uploads\/2018\/09\/19-700x933.jpg 700w, https:\/\/kidsofscandinavia.com\/wp-content\/uploads\/2018\/09\/19-120x160.jpg 120w, https:\/\/kidsofscandinavia.com\/wp-content\/uploads\/2018\/09\/19-scaled.jpg 1920w\" sizes=\"(max-width: 250px) 100vw, 250px\" \/><\/a><\/figure>\n<\/div>\n\n\n\n<div class=\"wp-block-column hide-mobile hide-tablet-column\">\n<figure class=\"wp-block-image size-medium circled\"><a href=\"https:\/\/kidsofscandinavia.com\/insta\/\"><img src=\"https:\/\/kidsofscandinavia.com\/wp-content\/uploads\/2019\/09\/21-250x333.jpg\" alt=\"\" class=\"wp-image-256\"\/><\/a><\/figure>\n<\/div>\n<\/div>\n","protected":false},"excerpt":{"rendered":"Om Miffy My Chair Er en stol bare en stol?&#8230;&#8230;nej, ikke i dette tilf\u00e6lde Med Miffy My Chair f\u00e5r du et unikt h\u00e5ndlavet m\u00f8bel, der er resultatet af en kombination af mange \u00e5rs erfaring med at arbejde med tr\u00e6 og produktudvikling. Har du nogensiden haft en ynglingsstol? Stolen der venter p\u00e5 dig, n\u00e5r du kommer&#8230; <br><br><a class=\"view-article\" href=\"https:\/\/kidsofscandinavia.com\/da\/om-miffy-my-chair\/\"><i class=\"fa fa-arrow-circle-o-right\"><\/i>L\u00e6s artikel<\/a>","protected":false},"author":1,"featured_media":0,"parent":0,"menu_order":0,"comment_status":"closed","ping_status":"closed","template":"","meta":[],"_links":{"self":[{"href":"https:\/\/kidsofscandinavia.com\/da\/wp-json\/wp\/v2\/pages\/835"}],"collection":[{"href":"https:\/\/kidsofscandinavia.com\/da\/wp-json\/wp\/v2\/pages"}],"about":[{"href":"https:\/\/kidsofscandinavia.com\/da\/wp-json\/wp\/v2\/types\/page"}],"author":[{"embeddable":true,"href":"https:\/\/kidsofscandinavia.com\/da\/wp-json\/wp\/v2\/users\/1"}],"replies":[{"embeddable":true,"href":"https:\/\/kidsofscandinavia.com\/da\/wp-json\/wp\/v2\/comments?post=835"}],"version-history":[{"count":0,"href":"https:\/\/kidsofscandinavia.com\/da\/wp-json\/wp\/v2\/pages\/835\/revisions"}],"wp:attachment":[{"href":"https:\/\/kidsofscandinavia.com\/da\/wp-json\/wp\/v2\/media?parent=835"}],"curies":[{"name":"wp","href":"https:\/\/api.w.org\/{rel}","templated":true}]}}