{"id":836,"date":"2018-09-21T16:46:07","date_gmt":"2018-09-21T14:46:07","guid":{"rendered":"https:\/\/kidsofscandinavia.com\/bliv-forhandler\/"},"modified":"2018-09-21T16:46:07","modified_gmt":"2018-09-21T14:46:07","slug":"bliv-forhandler","status":"publish","type":"page","link":"https:\/\/kidsofscandinavia.com\/da\/bliv-forhandler\/","title":{"rendered":"Bliv forhandler"},"content":{"rendered":"\n<div class=\"wp-block-columns\">\n<div class=\"wp-block-column\" style=\"flex-basis:50%\">\n<div class=\"wp-block-image\"><figure class=\"alignleft size-full\"><img loading=\"lazy\" width=\"700\" height=\"933\" src=\"https:\/\/kidsofscandinavia.com\/wp-content\/uploads\/2020\/09\/kos-reseller.jpg\" alt=\"\" class=\"wp-image-538\" srcset=\"https:\/\/kidsofscandinavia.com\/wp-content\/uploads\/2020\/09\/kos-reseller.jpg 700w, https:\/\/kidsofscandinavia.com\/wp-content\/uploads\/2020\/09\/kos-reseller-250x333.jpg 250w, https:\/\/kidsofscandinavia.com\/wp-content\/uploads\/2020\/09\/kos-reseller-120x160.jpg 120w, https:\/\/kidsofscandinavia.com\/wp-content\/uploads\/2020\/09\/kos-reseller-600x800.jpg 600w\" sizes=\"(max-width: 700px) 100vw, 700px\" \/><\/figure><\/div>\n\n\n\n<p><\/p>\n<\/div>\n\n\n\n<div class=\"wp-block-column\" style=\"flex-basis:40%\">\n<div style=\"height:40px\" aria-hidden=\"true\" class=\"wp-block-spacer\"><\/div>\n\n\n\n<h3 class=\"has-text-align-left\">Bliv forhandler<\/h3>\n\n\n\n<p>Er du interesseret i at s\u00e6lge de s\u00f8de Miffy My Furniture i din butik eller online, er du velkommen til at kontakte os<\/p>\n\n\n\n<p>Send os en e-mail p\u00e5 <a href=\"mailto:info@kidsofscandinavia.com\">info@kidsofscandinavia.com<\/a><\/p>\n\n\n\n<p>og vi kontakter dig for den videre procedure<\/p>\n<\/div>\n<\/div>\n\n\n\n<div style=\"height:75px\" aria-hidden=\"true\" class=\"wp-block-spacer\"><\/div>\n\n\n\n<hr class=\"wp-block-separator is-style-wide\">\n\n\n\n<div style=\"height:75px\" aria-hidden=\"true\" class=\"wp-block-spacer\"><\/div>\n\n\n\n<div class=\"wp-block-columns\">\n<div class=\"wp-block-column hide-mobile hide-tablet-column\">\n<figure class=\"wp-block-image size-medium circled\"><a href=\"https:\/\/kidsofscandinavia.com\/insta\/\"><img loading=\"lazy\" width=\"250\" height=\"333\" src=\"https:\/\/kidsofscandinavia.com\/wp-content\/uploads\/2018\/09\/H-250x333.jpg\" alt=\"\" class=\"wp-image-21\" srcset=\"https:\/\/kidsofscandinavia.com\/wp-content\/uploads\/2018\/09\/H-250x333.jpg 250w, https:\/\/kidsofscandinavia.com\/wp-content\/uploads\/2018\/09\/H-600x800.jpg 600w, https:\/\/kidsofscandinavia.com\/wp-content\/uploads\/2018\/09\/H-768x1024.jpg 768w, https:\/\/kidsofscandinavia.com\/wp-content\/uploads\/2018\/09\/H-700x933.jpg 700w, https:\/\/kidsofscandinavia.com\/wp-content\/uploads\/2018\/09\/H-120x160.jpg 120w, https:\/\/kidsofscandinavia.com\/wp-content\/uploads\/2018\/09\/H-scaled.jpg 1920w\" sizes=\"(max-width: 250px) 100vw, 250px\" \/><\/a><\/figure>\n<\/div>\n\n\n\n<div class=\"wp-block-column hide-mobile hide-tablet-column\">\n<figure class=\"wp-block-image size-medium circled\"><a href=\"https:\/\/kidsofscandinavia.com\/insta\/\"><img src=\"https:\/\/kidsofscandinavia.com\/wp-content\/uploads\/2019\/09\/11-250x333.jpg\" alt=\"\" class=\"wp-image-257\"\/><\/a><\/figure>\n<\/div>\n\n\n\n<div class=\"wp-block-column\">\n<figure class=\"wp-block-image size-medium circled is-style-default\"><a href=\"https:\/\/kidsofscandinavia.com\/insta\/\"><img src=\"https:\/\/kidsofscandinavia.com\/wp-content\/uploads\/2018\/09\/A-250x333.jpg\" alt=\"\" class=\"wp-image-19\"\/><\/a><figcaption>Find us on <strong>Instagram<\/strong><\/figcaption><\/figure>\n<\/div>\n\n\n\n<div class=\"wp-block-column hide-mobile\">\n<figure class=\"wp-block-image size-medium circled is-style-default\"><a href=\"https:\/\/kidsofscandinavia.com\/insta\/\"><img loading=\"lazy\" width=\"250\" height=\"333\" src=\"https:\/\/kidsofscandinavia.com\/wp-content\/uploads\/2018\/09\/19-250x333.jpg\" alt=\"\" class=\"wp-image-16\" srcset=\"https:\/\/kidsofscandinavia.com\/wp-content\/uploads\/2018\/09\/19-250x333.jpg 250w, https:\/\/kidsofscandinavia.com\/wp-content\/uploads\/2018\/09\/19-600x800.jpg 600w, https:\/\/kidsofscandinavia.com\/wp-content\/uploads\/2018\/09\/19-768x1024.jpg 768w, https:\/\/kidsofscandinavia.com\/wp-content\/uploads\/2018\/09\/19-700x933.jpg 700w, https:\/\/kidsofscandinavia.com\/wp-content\/uploads\/2018\/09\/19-120x160.jpg 120w, https:\/\/kidsofscandinavia.com\/wp-content\/uploads\/2018\/09\/19-scaled.jpg 1920w\" sizes=\"(max-width: 250px) 100vw, 250px\" \/><\/a><\/figure>\n<\/div>\n\n\n\n<div class=\"wp-block-column hide-mobile hide-tablet-column\">\n<figure class=\"wp-block-image size-medium circled\"><a href=\"https:\/\/kidsofscandinavia.com\/insta\/\"><img src=\"https:\/\/kidsofscandinavia.com\/wp-content\/uploads\/2019\/09\/21-250x333.jpg\" alt=\"\" class=\"wp-image-256\"\/><\/a><\/figure>\n<\/div>\n<\/div>\n","protected":false},"excerpt":{"rendered":"Bliv forhandler Er du interesseret i at s\u00e6lge de s\u00f8de Miffy My Furniture i din butik eller online, er du velkommen til at kontakte os Send os en e-mail p\u00e5 info@kidsofscandinavia.com og vi kontakter dig for den videre procedure","protected":false},"author":1,"featured_media":0,"parent":0,"menu_order":0,"comment_status":"closed","ping_status":"closed","template":"","meta":[],"_links":{"self":[{"href":"https:\/\/kidsofscandinavia.com\/da\/wp-json\/wp\/v2\/pages\/836"}],"collection":[{"href":"https:\/\/kidsofscandinavia.com\/da\/wp-json\/wp\/v2\/pages"}],"about":[{"href":"https:\/\/kidsofscandinavia.com\/da\/wp-json\/wp\/v2\/types\/page"}],"author":[{"embeddable":true,"href":"https:\/\/kidsofscandinavia.com\/da\/wp-json\/wp\/v2\/users\/1"}],"replies":[{"embeddable":true,"href":"https:\/\/kidsofscandinavia.com\/da\/wp-json\/wp\/v2\/comments?post=836"}],"version-history":[{"count":0,"href":"https:\/\/kidsofscandinavia.com\/da\/wp-json\/wp\/v2\/pages\/836\/revisions"}],"wp:attachment":[{"href":"https:\/\/kidsofscandinavia.com\/da\/wp-json\/wp\/v2\/media?parent=836"}],"curies":[{"name":"wp","href":"https:\/\/api.w.org\/{rel}","templated":true}]}}