{"id":839,"date":"2018-09-21T16:57:25","date_gmt":"2018-09-21T14:57:25","guid":{"rendered":"https:\/\/kidsofscandinavia.com\/cookies-private-policy\/"},"modified":"2018-09-21T16:57:25","modified_gmt":"2018-09-21T14:57:25","slug":"cookies-private-policy","status":"publish","type":"page","link":"https:\/\/kidsofscandinavia.com\/da\/cookies-private-policy\/","title":{"rendered":"Cookies &amp; Private Policy"},"content":{"rendered":"\n<div style=\"height:38px\" aria-hidden=\"true\" class=\"wp-block-spacer\"><\/div>\n\n\n\n<h2 class=\"has-text-align-center\">Cookies &amp; Private Policy<\/h2>\n\n\n\n<div style=\"height:38px\" aria-hidden=\"true\" class=\"wp-block-spacer\"><\/div>\n\n\n\n<p>Du l\u00e6ser privatlivspolitikken for Kidsofscandinavia ApS, moms 39777665.<\/p>\n\n\n\n<p>Hvis du bruger vores websted, kan det v\u00e6re n\u00f8dvendigt med dine data i en r\u00e6kke tilf\u00e6lde. For eksempel hvis du foretager et k\u00f8b p\u00e5 vores side eller kontakter vores kundeservice.<br>Kidsofscandinavia ApS har ansvaret for behandling af dine personoplysninger. Vi respekterer dit privatliv og g\u00f8r vores bedste for at holde dine data private.<br>Hvis du er kunde, forbindelse eller interesseret i Kidsofscandinavia ApS og giver os dine personlige data, giver du os tilladelse til behandling i overensstemmelse med denne fortrolighedserkl\u00e6ring<\/p>\n\n\n\n<p>Hvilke oplysninger vi indsamler \/ sp\u00f8rger, og hvad vi bruger dem til, kan l\u00e6ses her. Du kan ogs\u00e5 l\u00e6se, hvem der har adgang til dine data, hvor og hvor l\u00e6nge dataene er gemt, og hvad dine rettigheder er.<\/p>\n\n\n\n<p>Du finder os her:<br>Elbagade 38<br>2300 K\u00f8benhavn S<br>Danmark<\/p>\n\n\n\n<p>Telefon: 52100515 +45 88202526<br>Mail: info@kidsofscandinavia.com<\/p>\n\n\n\n<p>Denne erkl\u00e6ring om beskyttelse af personlige oplysninger blev sidst \u00e6ndret den 20-05-2022<\/p>\n\n\n\n<p><strong>Tredjepartswebsteder<\/strong><\/p>\n\n\n\n<p>Denne fortrolighedserkl\u00e6ring g\u00e6lder kun for aktiviteterne i Kidsofscandinavia ApS. Vi er ikke ansvarlige for fortrolighedspolitikken for andre parter, som du bes\u00f8ger via et link fra vores websted. Du er ikke l\u00e6ngere p\u00e5 vores websted, n\u00e5r URL&#8217;en er \u00e6ndret Vi anbefaler at l\u00e6se fortrolighedserkl\u00e6ringen for det linkede websted omhyggeligt.<\/p>\n\n\n\n<p>Kidsofscandinavia ApS&#8217;s URL:<\/p>\n\n\n\n<ul><li><a href=\"http:\/\/www.kidsofscandinavia.com\">www.kidsofscandinavia.com<\/a><\/li><\/ul>\n\n\n\n<p><strong>M\u00e5lene, som dataene indsamles til<\/strong><br>Vi indsamler kun personlige data, der er n\u00f8dvendige til legitime form\u00e5l<\/p>\n\n\n\n<p><strong>Bestilling<\/strong><br>N\u00e5r du bestiller noget fra os, har vi brug for f\u00f8lgende oplysninger fra dig for at kunne behandle dit k\u00f8b i vores administration.<\/p>\n\n\n\n<ul><li>Fornavn og efternavn<\/li><li>Adresse<\/li><\/ul>\n\n\n\n<p>Vi beder om dit navn og adresseoplysninger for at h\u00e5ndtere din ordre Disse oplysninger vil v\u00e6re p\u00e5 din faktura, og vi har ogs\u00e5 brug for disse for at kunne levere din ordre til dig S\u00e5 snart vores system har oprettet en faktura, kan du ikke l\u00e6ngere justere denne.<\/p>\n\n\n\n<ul><li>E-mail adresse<\/li><\/ul>\n\n\n\n<p>Vi har brug for din e-mail-adresse for at e-maile din ordrestatus. Du modtager f\u00f8lgende pr. e-mail, n\u00e5r du bestiller noget fra os: Ordrebekr\u00e6ftelse, faktura og forsendelsesbekr\u00e6ftelse Vi bruger ikke din e-mail-adresse til at sende dig uopfordrede nyhedsbreve, medmindre du udtrykkeligt har bedt om dem.<\/p>\n\n\n\n<ul><li>Telefonnummer<\/li><\/ul>\n\n\n\n<p>Dit telefonnummer vil kun blive brugt til logistiske form\u00e5l, eller hvis vi har brug for at afklare din ordre og \/ eller besvare dit sp\u00f8rgsm\u00e5l.<\/p>\n\n\n\n<ul><li>Bestil indhold<\/li><\/ul>\n\n\n\n<p>For at kunne levere de rigtige produkter skal vi vide, hvad du har bestilt.<\/p>\n\n\n\n<ul><li>Betalings- og fakturaoplysninger<\/li><\/ul>\n\n\n\n<p>Vi bruger en sikker betalingsmetode og alle vores betalingsmetoder udf\u00f8res af en betalingsudbyder Bambora. Bambora kan fort\u00e6lle os, om der er foretaget en betaling Vi har ogs\u00e5 brug for dine betalingsoplysninger, hvis vi skal refundere dig et bel\u00f8b.<\/p>\n\n\n\n<p>Fakturaen indeholder f\u00f8lgende oplysninger:<\/p>\n\n\n\n<ul><li>for- og efternavn, adresse, bop\u00e6l<\/li><li>faktura og ordrenummer<\/li><li>angivelse af produkterne du har bestilt<\/li><\/ul>\n\n\n\n<p>Fakturaen er ogs\u00e5 dit k\u00f8bs- og garantibevis<\/p>\n\n\n\n<p><strong>Kontakt vores kundeservice<\/strong><\/p>\n\n\n\n<p>Du kan n\u00e5 os via vores sociale medier Instagram. Du kan ogs\u00e5 kontakte os direkte via telefon, e-mail eller brev. For at kunne h\u00e5ndtere dit sp\u00f8rgsm\u00e5l eller din klage bruger vi de kontaktoplysninger, du giver os. Der er en mulighed for, at vi anmoder om yderligere data for at lette h\u00e5ndteringen.<\/p>\n\n\n\n<p><strong>Bes\u00f8g webstedet Kidsofscandinavia<\/strong><\/p>\n\n\n\n<p>Hvis du bes\u00f8ger vores websted eller klikker p\u00e5 et produkt, modtager du cookies og lignende fra os. Med cookies overv\u00e5ger vi og tredjeparter din surfeadf\u00e6rd p\u00e5 vores websted, for eksempel de s\u00f8geudtryk, du bruger, og hvilke produkter du klikker p\u00e5. Vi deler aldrig vores kundebase direkte med tredjeparter. Du kan l\u00e6se mere om cookies eller justere dine indstillinger <a href=\"http:\/\/www.kidsofscandinavia.com\">her<\/a>.<\/p>\n\n\n\n<p>For at beskytte dit bes\u00f8g p\u00e5 vores hjemmeside bruger vi en SSL-forbindelse. Du kan kontrollere det ved at se, om vores url starter med https: \/\/.Dette betyder, at du faktisk er p\u00e5 vores hjemmeside (godkendelse). En SSL-forbindelse sikrer ogs\u00e5 krypteret kryptering for sikkerheden af data, som du sender til os via din webbrowser.<\/p>\n\n\n\n<p><strong>Hvem er modtagerne af de personlige data<\/strong><\/p>\n\n\n\n<p>Vi deler kun dine data med andre parter, hvis det er n\u00f8dvendigt for vores service. Dette vedr\u00f8rer vores leveringspartnere, leverand\u00f8rer, betalingspartner og vores it-tjenesteudbydere. Disse partnere er involveret i udf\u00f8relsen af aftalen og har ikke tilladelse til at bruge dataene til andre form\u00e5l end vores egne.<\/p>\n\n\n\n<ul><li>Vores leveringspartnere bruger dine personlige data til at levere din ordre til den korrekte adresse.<\/li><li>Bambora er en Collecting Payment Service Provider (CPSP), der leverer betalingstjenester til vores webshop<\/li><li>TFor at g\u00f8re dit k\u00f8b og din siteoplevelse s\u00e5 behagelig som muligt samarbejder vi med en it-tjenesteudbyder. De er v\u00e6rt for og optimerer vores side.<\/li><\/ul>\n\n\n\n<p>De parter, der f\u00e5r adgang til dine data, m\u00e5 kun bruge disse til at give dig en service p\u00e5 vores vegne, Kidsofscandinavia ApS. Medmindre de er ansvarlige for at indhente og beskytte dine data.ata. Nogle cookieudviklere har adgang til de data, som cookies indsamler p\u00e5 vores websted Du vil l\u00e6se mere om vores cookieerkl\u00e6ring og disse parters fortrolighedspolitik i afsnittet <a href=\"https:\/\/mrmaria.com\/cookies-policy\/\">om cookies<\/a>. Vi s\u00e6lger eller leverer aldrig dine oplysninger til tredjeparter uden din tilladelse, medmindre vi er forpligtet til at g\u00f8re det baseret p\u00e5 en domsafsigelse.<\/p>\n\n\n\n<p><strong>Hvor opbevares det?<\/strong><\/p>\n\n\n\n<p>De personlige data du afgiver, gemmes i en database, som vi bruger til at g\u00f8re vores aktiviteter kendt. Vores databaseserver er placeret i EU og hostes af vores it-tjenesteudbyder..<\/p>\n\n\n\n<p><strong>Tilbageholdelsesperiode<\/strong><\/p>\n\n\n\n<p>Vi opbevarer og bruger dine data, s\u00e5 l\u00e6nge vi er juridisk forpligtede. Vi arkiverer dataene efter opbevaringsperioden og bruger derefter ogs\u00e5 data anonymiseret til statistiske form\u00e5l. Hvis disse data ikke l\u00e6ngere er n\u00f8dvendige, \u00f8del\u00e6gger vi dataene<\/p>\n\n\n\n<p>Iht. finanslovgivningen og skattemyndighederne skal vi opbevare dine faktura-, betalings- og ordredata i 5 \u00e5r.<\/p>\n\n\n\n<p><strong>Dine rettigheder til at se, rette eller slette data.<\/strong><\/p>\n\n\n\n<p>Du har ret til at g\u00f8re indsigelse mod behandling og inspektion af dine personoplysninger. Vil du modtage en kopi, \u00e6ndre, slette dine data? Eller \u00e6ndre dine e-mail-pr\u00e6ferencer? Giv os besked via (post) mail eller via e-mail. Vi kan anmode om yderligere oplysninger for at bekr\u00e6fte din identitet.<\/p>\n\n\n\n<p><strong>Ret til at indgive en klage til en tilsynsmyndighed<\/strong><\/p>\n\n\n\n<p>Uden at det ber\u00f8rer ethvert andet administrativt eller retligt middel, har du ret til at indgive en klage til en tilsynsmyndighed. Is\u00e6r i den medlemsstat, hvor du har s\u00e6dvanligt opholdssted, arbejdssted eller sted for den p\u00e5st\u00e5ede overtr\u00e6delse, hvis du mener, at behandling af personoplysninger, der vedr\u00f8rer dig, er i strid med denne forordning.<br>Eventuelle yderligere sp\u00f8rgsm\u00e5l og \/ eller kommentarer? Du er velkommen til at kontakte os p\u00e5 <a href=\"mailto:info@kidsofscandinavia.com\">info@kidsofscandinavia.com<\/a><\/p>\n\n\n\n<p>Flere oplysninger om den generelle databeskyttelsesforordning (GDPR):<br><a href=\"http:\/\/ec.europa.eu\/info\/law\/law-topic\/data-protection_en\" target=\"_blank\" rel=\"noreferrer noopener\">https:\/\/ec.europa.eu\/info\/law\/law-topic\/data-protection_da<\/a><\/p>\n\n\n\n<p><strong>Cookies<\/strong><br>Takket v\u00e6re cookies beh\u00f8ver du ikke at indtaste eller downloade de samme oplysninger hver gang du bes\u00f8ger vores websted. De hj\u00e6lper os ogs\u00e5 med at forst\u00e5, hvordan webstedet bruges, og hvordan vi kan forbedre webstedet. Vi bruger dem ogs\u00e5 til markedsf\u00f8ringsform\u00e5l for at vise mulige tilbud.<\/p>\n\n\n\n<p>Du kan acceptere vores cookies p\u00e5 to m\u00e5der: den cookiebesked, du ser ved dit f\u00f8rste bes\u00f8g, eller bare forts\u00e6tte p\u00e5 vores side.<\/p>\n\n\n\n<p><strong>Cookieindstillinger<\/strong><\/p>\n\n\n\n<p>Vidste du, at du altid kan \u00e6ndre og \/ eller blokere cookies og en del af Javascript selv. Bem\u00e6rk, at nogle dele af webstedet ikke fungerer korrekt, n\u00e5r du slukker for visse indstillinger.<br>Hvordan du \u00e6ndrer disse indstillinger for din internetbrowser, kan du finde i nedenst\u00e5ende links:<\/p>\n\n\n\n<ul><li>Chrome<\/li><li>Firefox<\/li><li>Internet Explorer<\/li><li>Edge<\/li><li>Safari (iOS)<\/li><li>Safari (macOS)<\/li><\/ul>\n\n\n\n<p><strong>P\u00e5 vores web kan du finde f\u00f8lgende cookies:<\/strong><\/p>\n\n\n\n<p><a href=\"https:\/\/mrmaria.com\/cookies-policy\/\"><strong>Funktionelle cookies<\/strong><\/a><\/p>\n\n\n\n<p>Funktionelle cookies gemmer oplysninger fra dit webstedsbes\u00f8g midlertidigt Dette er f.eks. at vise webstedet p\u00e5 det rigtige sprog, huske dine produkter i indk\u00f8bskurven eller afst\u00e5 fra at genindtaste formulardata, hvis du genindl\u00e6ser en anden side.<\/p>\n\n\n\n<p><a href=\"https:\/\/mrmaria.com\/cookies-policy\/\"><strong>Analyse og markedsf\u00f8rings cookies<\/strong><\/a><\/p>\n\n\n\n<p>Analysering af cookies hj\u00e6lper os med at m\u00e5le nogle data, s\u00e5 vi kan forbedre din brugeroplevelse p\u00e5 vores hjemmeside. Vi bruger marketingcookies til at vise dig tilbud via en af de sociale medieplatforme.<\/p>\n\n\n\n<p><strong>Google Analytics<\/strong><\/p>\n\n\n\n<p>Vi bruger denne service til at holde styr p\u00e5, hvordan hjemmesiden bruges af bes\u00f8gende, og hvordan du har fundet os. Oplysningerne overf\u00f8res til og gemmes af Google p\u00e5 servere i USA Google er tilknyttet <a href=\"https:\/\/www.privacyshield.gov\/welcome\">Privacy Shield program<\/a>.Du kan aktivere IP-anonymisering p\u00e5 dette websted IP-adressen forkortes derefter inden afsendelse indenfor medlemslandene i EU eller andre kontraherende stater i aftalen om Det Europ\u00e6iske \u00d8konomiske Samarbejdsomr\u00e5de.<\/p>\n\n\n\n<p>Kun i undtagelsestilf\u00e6lde sendes den fulde IP-adresse til en Google-server i USA og forkortes der. Den anonymiserede IP-adresse, der tilbydes af Google Analytics i forbindelse med Google Analytics, flettes ikke med andre data leveret af Google.<\/p>\n\n\n\n<p>Du kan selv bestemme, om du tillader, at dine data (inklusive din IP-adresse) og brugen af webstedet, der er relateret til denne cookie, indsamles. Samt behandling af disse data fra Google. Deaktivering af Google Analytics er mulig ved hj\u00e6lp af browser-tilf\u00f8jelsen, som du kan <a href=\"https:\/\/tools.google.com\/dlpage\/gaoptout?hl=nl\">downloade her<\/a>. L\u00e6s mere om Googles politikker p\u00e5 <a href=\"https:\/\/policies.google.com\/privacy?hl=en\">Google privacy page<\/a>.<\/p>\n\n\n\n<p><strong>Sociale Medier<\/strong><\/p>\n\n\n\n<p>Du kan finde Instagram icon\u2019et p\u00e5 vores hjemmeside for at promovere vores sider. Knappen, der findes via de sociale medieplatforme, indeholder cookies, som vi ikke har nogen indflydelse p\u00e5. L\u00e6s derfor ogs\u00e5 fortrolighedserkl\u00e6ringen for disse sociale medieplatforme.<\/p>\n\n\n\n<p>N\u00e5r du bes\u00f8ger en side med en s\u00e5dan knap, opretter din browser forbindelse til serveren p\u00e5 den sociale medieplatform. Indholdet af knappen (siden) sendes til din browser af platformen. P\u00e5 denne m\u00e5de modtager platformen informationen fra den relevante side. Selvom du ikke har en profil eller ikke er logget ind p\u00e5 platformen.<\/p>\n\n\n\n<p>Hvis du er logget ind p\u00e5 en af disse sociale medieplatforme, kan vi ogs\u00e5 vise annoncer baseret p\u00e5 dine interesser om vores produkter eller tilbud. Disse platforme kan ogs\u00e5 linke din personlige profil til den relevante side. Hvis du ikke \u00f8nsker, at platformene skal tildele din personlige profil til de sider, du har bes\u00f8gt, skal du f\u00f8rst logge ud p\u00e5 din sociale medieprofil.<\/p>\n\n\n\n<p><strong>Flere oplysninger om cookies:<\/strong><br><a href=\"http:\/\/www.aboutcookies.org.uk\/\">www.aboutcookies.org.uk<\/a><\/p>\n\n\n\n<p>Eventuelle yderligere sp\u00f8rgsm\u00e5l og \/ eller kommentarer? Du er velkommen til at kontakte os p\u00e5 <a href=\"mailto:info@kidsofscandinavia.com\">info@kidsofscandinavia.com<\/a><\/p>\n","protected":false},"excerpt":{"rendered":"Cookies &amp; Private Policy Du l\u00e6ser privatlivspolitikken for Kidsofscandinavia ApS, moms 39777665. Hvis du bruger vores websted, kan det v\u00e6re n\u00f8dvendigt med dine data i en r\u00e6kke tilf\u00e6lde. For eksempel hvis du foretager et k\u00f8b p\u00e5 vores side eller kontakter vores kundeservice.Kidsofscandinavia ApS har ansvaret for behandling af dine personoplysninger. Vi respekterer dit privatliv og&#8230; <br><br><a class=\"view-article\" href=\"https:\/\/kidsofscandinavia.com\/da\/cookies-private-policy\/\"><i class=\"fa fa-arrow-circle-o-right\"><\/i>L\u00e6s artikel<\/a>","protected":false},"author":1,"featured_media":0,"parent":0,"menu_order":0,"comment_status":"closed","ping_status":"closed","template":"","meta":[],"_links":{"self":[{"href":"https:\/\/kidsofscandinavia.com\/da\/wp-json\/wp\/v2\/pages\/839"}],"collection":[{"href":"https:\/\/kidsofscandinavia.com\/da\/wp-json\/wp\/v2\/pages"}],"about":[{"href":"https:\/\/kidsofscandinavia.com\/da\/wp-json\/wp\/v2\/types\/page"}],"author":[{"embeddable":true,"href":"https:\/\/kidsofscandinavia.com\/da\/wp-json\/wp\/v2\/users\/1"}],"replies":[{"embeddable":true,"href":"https:\/\/kidsofscandinavia.com\/da\/wp-json\/wp\/v2\/comments?post=839"}],"version-history":[{"count":0,"href":"https:\/\/kidsofscandinavia.com\/da\/wp-json\/wp\/v2\/pages\/839\/revisions"}],"wp:attachment":[{"href":"https:\/\/kidsofscandinavia.com\/da\/wp-json\/wp\/v2\/media?parent=839"}],"curies":[{"name":"wp","href":"https:\/\/api.w.org\/{rel}","templated":true}]}}