{"id":841,"date":"2018-09-21T16:51:25","date_gmt":"2018-09-21T14:51:25","guid":{"rendered":"https:\/\/kidsofscandinavia.com\/insta\/"},"modified":"2018-09-21T16:51:25","modified_gmt":"2018-09-21T14:51:25","slug":"insta","status":"publish","type":"page","link":"https:\/\/kidsofscandinavia.com\/da\/insta\/","title":{"rendered":"Insta"},"content":{"rendered":"<p>Vi blive glade hvis du #KOSKIDSOFSCANDINAVIA p\u00e5 dine fotos i Insta, s\u00e5 alle kan se hvordan du inkluderer Miffy My Furniture i dit hjem. Hvis du sender os dine fotos kan vi v\u00e6lge at bruge dem p\u00e5 vores webpage Hvis du sender os dine fotos, accepterer du at vi kan bruge dem kommercielt.<\/p>\n<p><strong>#KOSKIDSOFSCANDINAVIA<\/strong><\/p>\n\r\n<div id=\"sb_instagram\" class=\"sbi sbi_col_4  sbi_width_resp\" style=\"padding-bottom: 10px;width: 100%;\" data-feedid=\"sbi_koskidsofscandinavia#20\" data-res=\"auto\" data-cols=\"4\" data-num=\"20\" data-shortcode-atts=\"{&quot;user&quot;:&quot;koskidsofscandinavia&quot;}\" >\r\n\t\r\n    <div id=\"sbi_images\" style=\"padding: 5px;\">\r\n\t\t    <\/div>\r\n\r\n\t<div id=\"sbi_load\">\r\n\r\n\t\r\n\t    <span class=\"sbi_follow_btn\">\r\n        <a href=\"https:\/\/www.instagram.com\/koskidsofscandinavia\/\"  target=\"_blank\" rel=\"noopener nofollow\"><svg class=\"svg-inline--fa fa-instagram fa-w-14\" aria-hidden=\"true\" data-fa-processed=\"\" aria-label=\"Instagram\" data-prefix=\"fab\" data-icon=\"instagram\" role=\"img\" viewBox=\"0 0 448 512\">\r\n\t                <path fill=\"currentColor\" d=\"M224.1 141c-63.6 0-114.9 51.3-114.9 114.9s51.3 114.9 114.9 114.9S339 319.5 339 255.9 287.7 141 224.1 141zm0 189.6c-41.1 0-74.7-33.5-74.7-74.7s33.5-74.7 74.7-74.7 74.7 33.5 74.7 74.7-33.6 74.7-74.7 74.7zm146.4-194.3c0 14.9-12 26.8-26.8 26.8-14.9 0-26.8-12-26.8-26.8s12-26.8 26.8-26.8 26.8 12 26.8 26.8zm76.1 27.2c-1.7-35.9-9.9-67.7-36.2-93.9-26.2-26.2-58-34.4-93.9-36.2-37-2.1-147.9-2.1-184.9 0-35.8 1.7-67.6 9.9-93.9 36.1s-34.4 58-36.2 93.9c-2.1 37-2.1 147.9 0 184.9 1.7 35.9 9.9 67.7 36.2 93.9s58 34.4 93.9 36.2c37 2.1 147.9 2.1 184.9 0 35.9-1.7 67.7-9.9 93.9-36.2 26.2-26.2 34.4-58 36.2-93.9 2.1-37 2.1-147.8 0-184.8zM398.8 388c-7.8 19.6-22.9 34.7-42.6 42.6-29.5 11.7-99.5 9-132.1 9s-102.7 2.6-132.1-9c-19.6-7.8-34.7-22.9-42.6-42.6-11.7-29.5-9-99.5-9-132.1s-2.6-102.7 9-132.1c7.8-19.6 22.9-34.7 42.6-42.6 29.5-11.7 99.5-9 132.1-9s102.7-2.6 132.1 9c19.6 7.8 34.7 22.9 42.6 42.6 11.7 29.5 9 99.5 9 132.1s2.7 102.7-9 132.1z\"><\/path>\r\n\t            <\/svg>F\u00f8lg med p\u00e5 Instagram<\/a>\r\n    <\/span>\r\n\t\r\n<\/div>\r\n\t    <span class=\"sbi_resized_image_data\" data-feed-id=\"sbi_koskidsofscandinavia#20\" data-resized=\"[]\">\r\n\t<\/span>\r\n\t        <div id=\"sbi_mod_error\">\r\n            <span>This error message is only visible to WordPress admins<\/span><br \/>\r\n        <p><b>Error: No posts found.<\/b><p>Make sure this account has posts available on instagram.com.<\/p>        <\/div>\r\n        <\/div>\r\n\r\n\n","protected":false},"excerpt":{"rendered":"Vi blive glade hvis du #KOSKIDSOFSCANDINAVIA p\u00e5 dine fotos i Insta, s\u00e5 alle kan se hvordan du inkluderer Miffy My Furniture i dit hjem. Hvis du sender os dine fotos kan vi v\u00e6lge at bruge dem p\u00e5 vores webpage Hvis du sender os dine fotos, accepterer du at vi kan bruge dem kommercielt. #KOSKIDSOFSCANDINAVIA","protected":false},"author":1,"featured_media":0,"parent":0,"menu_order":0,"comment_status":"closed","ping_status":"closed","template":"template-confined.php","meta":[],"_links":{"self":[{"href":"https:\/\/kidsofscandinavia.com\/da\/wp-json\/wp\/v2\/pages\/841"}],"collection":[{"href":"https:\/\/kidsofscandinavia.com\/da\/wp-json\/wp\/v2\/pages"}],"about":[{"href":"https:\/\/kidsofscandinavia.com\/da\/wp-json\/wp\/v2\/types\/page"}],"author":[{"embeddable":true,"href":"https:\/\/kidsofscandinavia.com\/da\/wp-json\/wp\/v2\/users\/1"}],"replies":[{"embeddable":true,"href":"https:\/\/kidsofscandinavia.com\/da\/wp-json\/wp\/v2\/comments?post=841"}],"version-history":[{"count":0,"href":"https:\/\/kidsofscandinavia.com\/da\/wp-json\/wp\/v2\/pages\/841\/revisions"}],"wp:attachment":[{"href":"https:\/\/kidsofscandinavia.com\/da\/wp-json\/wp\/v2\/media?parent=841"}],"curies":[{"name":"wp","href":"https:\/\/api.w.org\/{rel}","templated":true}]}}