{"id":845,"date":"2018-09-27T15:27:52","date_gmt":"2018-09-27T13:27:52","guid":{"rendered":"https:\/\/kidsofscandinavia.com\/historien-om-miffy-my-chair\/"},"modified":"2022-05-20T21:57:52","modified_gmt":"2022-05-20T19:57:52","slug":"historien-om-miffy-my-chair","status":"publish","type":"page","link":"https:\/\/kidsofscandinavia.com\/da\/historien-om-miffy-my-chair\/","title":{"rendered":"Historien om Miffy My Chair"},"content":{"rendered":"\n<div class=\"wp-block-columns\">\n<div class=\"wp-block-column\" style=\"flex-basis:50%\">\n<div class=\"wp-block-image\"><figure class=\"alignleft size-large\"><img loading=\"lazy\" width=\"700\" height=\"933\" src=\"https:\/\/kidsofscandinavia.com\/wp-content\/uploads\/2018\/09\/1-700x933.jpg\" alt=\"\" class=\"wp-image-100\" srcset=\"https:\/\/kidsofscandinavia.com\/wp-content\/uploads\/2018\/09\/1-700x933.jpg 700w, https:\/\/kidsofscandinavia.com\/wp-content\/uploads\/2018\/09\/1-600x800.jpg 600w, https:\/\/kidsofscandinavia.com\/wp-content\/uploads\/2018\/09\/1-250x333.jpg 250w, https:\/\/kidsofscandinavia.com\/wp-content\/uploads\/2018\/09\/1-768x1024.jpg 768w, https:\/\/kidsofscandinavia.com\/wp-content\/uploads\/2018\/09\/1-120x160.jpg 120w, https:\/\/kidsofscandinavia.com\/wp-content\/uploads\/2018\/09\/1-scaled.jpg 1920w\" sizes=\"(max-width: 700px) 100vw, 700px\" \/><\/figure><\/div>\n<\/div>\n\n\n\n<div class=\"wp-block-column\" style=\"flex-basis:40%\">\n<div style=\"height:40px\" aria-hidden=\"true\" class=\"wp-block-spacer\"><\/div>\n\n\n\n<h3 class=\"has-text-align-left\">Historien om Miffy My Chair<\/h3>\n\n\n\n<p>Engang \u2013 i midten af en stor gr\u00f8n og vidunderlig svensk skov boede der en t\u00f8mmer som hed Peter. Han boede i skoven sammen med sin kone og deres 3 b\u00f8rn Mikael, Maria og Marlene.<\/p>\n\n\n\n<p>\u2026\u2026\u2026hvis du \u00f8nsker at l\u00e6se hele historien for det barn som modtager stolen, finder du den i kartonen, n\u00e5r du k\u00f8ber en Miffy My Chair.<\/p>\n\n\n\n<p><a href=\"https:\/\/kidsofscandinavia.com\/contact\/\">Kontakt os for n\u00e6rmeste forhandler<\/a><\/p>\n<\/div>\n<\/div>\n\n\n\n<div style=\"height:75px\" aria-hidden=\"true\" class=\"wp-block-spacer\"><\/div>\n\n\n\n<hr class=\"wp-block-separator is-style-wide\">\n\n\n\n<div style=\"height:75px\" aria-hidden=\"true\" class=\"wp-block-spacer\"><\/div>\n\n\n\n<div class=\"wp-block-columns\">\n<div class=\"wp-block-column hide-mobile hide-tablet-column\">\n<figure class=\"wp-block-image size-medium circled\"><a href=\"https:\/\/kidsofscandinavia.com\/insta\/\"><img loading=\"lazy\" width=\"250\" height=\"333\" src=\"https:\/\/kidsofscandinavia.com\/wp-content\/uploads\/2018\/09\/H-250x333.jpg\" alt=\"\" class=\"wp-image-21\" srcset=\"https:\/\/kidsofscandinavia.com\/wp-content\/uploads\/2018\/09\/H-250x333.jpg 250w, https:\/\/kidsofscandinavia.com\/wp-content\/uploads\/2018\/09\/H-600x800.jpg 600w, https:\/\/kidsofscandinavia.com\/wp-content\/uploads\/2018\/09\/H-768x1024.jpg 768w, https:\/\/kidsofscandinavia.com\/wp-content\/uploads\/2018\/09\/H-700x933.jpg 700w, https:\/\/kidsofscandinavia.com\/wp-content\/uploads\/2018\/09\/H-120x160.jpg 120w, https:\/\/kidsofscandinavia.com\/wp-content\/uploads\/2018\/09\/H-scaled.jpg 1920w\" sizes=\"(max-width: 250px) 100vw, 250px\" \/><\/a><\/figure>\n<\/div>\n\n\n\n<div class=\"wp-block-column hide-mobile hide-tablet-column\">\n<figure class=\"wp-block-image size-medium circled\"><a href=\"https:\/\/kidsofscandinavia.com\/insta\/\"><img src=\"https:\/\/kidsofscandinavia.com\/wp-content\/uploads\/2019\/09\/11-250x333.jpg\" alt=\"\" class=\"wp-image-257\"\/><\/a><\/figure>\n<\/div>\n\n\n\n<div class=\"wp-block-column\">\n<figure class=\"wp-block-image size-medium circled is-style-default\"><a href=\"https:\/\/kidsofscandinavia.com\/insta\/\"><img src=\"https:\/\/kidsofscandinavia.com\/wp-content\/uploads\/2018\/09\/A-250x333.jpg\" alt=\"\" class=\"wp-image-19\"\/><\/a><figcaption>Find us on <strong>Instagram<\/strong><\/figcaption><\/figure>\n<\/div>\n\n\n\n<div class=\"wp-block-column hide-mobile\">\n<figure class=\"wp-block-image size-medium circled is-style-default\"><a href=\"https:\/\/kidsofscandinavia.com\/insta\/\"><img loading=\"lazy\" width=\"250\" height=\"333\" src=\"https:\/\/kidsofscandinavia.com\/wp-content\/uploads\/2018\/09\/19-250x333.jpg\" alt=\"\" class=\"wp-image-16\" srcset=\"https:\/\/kidsofscandinavia.com\/wp-content\/uploads\/2018\/09\/19-250x333.jpg 250w, https:\/\/kidsofscandinavia.com\/wp-content\/uploads\/2018\/09\/19-600x800.jpg 600w, https:\/\/kidsofscandinavia.com\/wp-content\/uploads\/2018\/09\/19-768x1024.jpg 768w, https:\/\/kidsofscandinavia.com\/wp-content\/uploads\/2018\/09\/19-700x933.jpg 700w, https:\/\/kidsofscandinavia.com\/wp-content\/uploads\/2018\/09\/19-120x160.jpg 120w, https:\/\/kidsofscandinavia.com\/wp-content\/uploads\/2018\/09\/19-scaled.jpg 1920w\" sizes=\"(max-width: 250px) 100vw, 250px\" \/><\/a><\/figure>\n<\/div>\n\n\n\n<div class=\"wp-block-column hide-mobile hide-tablet-column\">\n<figure class=\"wp-block-image size-medium circled\"><a href=\"https:\/\/kidsofscandinavia.com\/insta\/\"><img src=\"https:\/\/kidsofscandinavia.com\/wp-content\/uploads\/2019\/09\/21-250x333.jpg\" alt=\"\" class=\"wp-image-256\"\/><\/a><\/figure>\n<\/div>\n<\/div>\n","protected":false},"excerpt":{"rendered":"Historien om Miffy My Chair Engang \u2013 i midten af en stor gr\u00f8n og vidunderlig svensk skov boede der en t\u00f8mmer som hed Peter. Han boede i skoven sammen med sin kone og deres 3 b\u00f8rn Mikael, Maria og Marlene. \u2026\u2026\u2026hvis du \u00f8nsker at l\u00e6se hele historien for det barn som modtager stolen, finder du&#8230; <br><br><a class=\"view-article\" href=\"https:\/\/kidsofscandinavia.com\/da\/historien-om-miffy-my-chair\/\"><i class=\"fa fa-arrow-circle-o-right\"><\/i>L\u00e6s artikel<\/a>","protected":false},"author":1,"featured_media":0,"parent":0,"menu_order":0,"comment_status":"closed","ping_status":"closed","template":"","meta":[],"_links":{"self":[{"href":"https:\/\/kidsofscandinavia.com\/da\/wp-json\/wp\/v2\/pages\/845"}],"collection":[{"href":"https:\/\/kidsofscandinavia.com\/da\/wp-json\/wp\/v2\/pages"}],"about":[{"href":"https:\/\/kidsofscandinavia.com\/da\/wp-json\/wp\/v2\/types\/page"}],"author":[{"embeddable":true,"href":"https:\/\/kidsofscandinavia.com\/da\/wp-json\/wp\/v2\/users\/1"}],"replies":[{"embeddable":true,"href":"https:\/\/kidsofscandinavia.com\/da\/wp-json\/wp\/v2\/comments?post=845"}],"version-history":[{"count":1,"href":"https:\/\/kidsofscandinavia.com\/da\/wp-json\/wp\/v2\/pages\/845\/revisions"}],"predecessor-version":[{"id":846,"href":"https:\/\/kidsofscandinavia.com\/da\/wp-json\/wp\/v2\/pages\/845\/revisions\/846"}],"wp:attachment":[{"href":"https:\/\/kidsofscandinavia.com\/da\/wp-json\/wp\/v2\/media?parent=845"}],"curies":[{"name":"wp","href":"https:\/\/api.w.org\/{rel}","templated":true}]}}