{"id":849,"date":"2020-12-09T08:27:15","date_gmt":"2020-12-09T07:27:15","guid":{"rendered":"https:\/\/kidsofscandinavia.com\/hjem\/bliv-forhandler\/"},"modified":"2020-12-09T08:27:15","modified_gmt":"2020-12-09T07:27:15","slug":"bliv-forhandler","status":"publish","type":"page","link":"https:\/\/kidsofscandinavia.com\/da\/hjem\/bliv-forhandler\/","title":{"rendered":"Bliv forhandler"},"content":{"rendered":"\n<div class=\"wp-block-columns\">\n<div class=\"wp-block-column\" style=\"flex-basis:50%\">\n<div class=\"wp-block-image\"><figure class=\"alignleft size-full\"><img loading=\"lazy\" width=\"700\" height=\"933\" src=\"https:\/\/kidsofscandinavia.com\/wp-content\/uploads\/2020\/09\/kos-reseller.jpg\" alt=\"\" class=\"wp-image-538\" srcset=\"https:\/\/kidsofscandinavia.com\/wp-content\/uploads\/2020\/09\/kos-reseller.jpg 700w, https:\/\/kidsofscandinavia.com\/wp-content\/uploads\/2020\/09\/kos-reseller-250x333.jpg 250w, https:\/\/kidsofscandinavia.com\/wp-content\/uploads\/2020\/09\/kos-reseller-120x160.jpg 120w, https:\/\/kidsofscandinavia.com\/wp-content\/uploads\/2020\/09\/kos-reseller-600x800.jpg 600w\" sizes=\"(max-width: 700px) 100vw, 700px\" \/><\/figure><\/div>\n\n\n\n<p><\/p>\n<\/div>\n\n\n\n<div class=\"wp-block-column\" style=\"flex-basis:40%\">\n<div style=\"height:40px\" aria-hidden=\"true\" class=\"wp-block-spacer\"><\/div>\n\n\n\n<h3 class=\"has-text-align-left\">Bliv forhandler<\/h3>\n\n\n\n<p>\u00d8nsker du at blive forhandler af vores s\u00f8de og h\u00f8j-<br>kvalitets Miffy My Furniture serie i din fysiske butik<br>og\/eller online, s\u00e5 skriv til os p\u00e5:<\/p>\n\n\n\n<p><a href=\"mailto:info@kidsofscandinavia.com\">info@kidsofscandinavia.com<\/a><\/p>\n\n\n\n<p>s\u00e5 vi sammen kan finde den bedste l\u00f8sning til<br>netop dig og din butik<\/p>\n<\/div>\n<\/div>\n\n\n\n<div style=\"height:75px\" aria-hidden=\"true\" class=\"wp-block-spacer\"><\/div>\n\n\n\n<hr class=\"wp-block-separator is-style-wide\">\n\n\n\n<div style=\"height:75px\" aria-hidden=\"true\" class=\"wp-block-spacer\"><\/div>\n\n\n\n<div class=\"wp-block-columns\">\n<div class=\"wp-block-column hide-mobile hide-tablet-column\">\n<figure class=\"wp-block-image size-large circled\"><img loading=\"lazy\" width=\"700\" height=\"933\" src=\"http:\/\/kidsofscandinavia.com\/wp-content\/uploads\/2018\/09\/H-700x933.jpg\" alt=\"\" class=\"wp-image-21\" srcset=\"https:\/\/kidsofscandinavia.com\/wp-content\/uploads\/2018\/09\/H-700x933.jpg 700w, https:\/\/kidsofscandinavia.com\/wp-content\/uploads\/2018\/09\/H-600x800.jpg 600w, https:\/\/kidsofscandinavia.com\/wp-content\/uploads\/2018\/09\/H-250x333.jpg 250w, https:\/\/kidsofscandinavia.com\/wp-content\/uploads\/2018\/09\/H-768x1024.jpg 768w, https:\/\/kidsofscandinavia.com\/wp-content\/uploads\/2018\/09\/H-120x160.jpg 120w, https:\/\/kidsofscandinavia.com\/wp-content\/uploads\/2018\/09\/H-scaled.jpg 1920w\" sizes=\"(max-width: 700px) 100vw, 700px\" \/><\/figure>\n<\/div>\n\n\n\n<div class=\"wp-block-column hide-mobile hide-tablet-column\">\n<figure class=\"wp-block-image size-large circled\"><img loading=\"lazy\" width=\"1920\" height=\"2560\" src=\"http:\/\/kidsofscandinavia.com\/wp-content\/uploads\/2019\/09\/11-scaled.jpg\" alt=\"\" class=\"wp-image-257\" srcset=\"https:\/\/kidsofscandinavia.com\/wp-content\/uploads\/2019\/09\/11-scaled.jpg 1920w, https:\/\/kidsofscandinavia.com\/wp-content\/uploads\/2019\/09\/11-scaled-600x800.jpg 600w\" sizes=\"(max-width: 1920px) 100vw, 1920px\" \/><\/figure>\n<\/div>\n\n\n\n<div class=\"wp-block-column\">\n<figure class=\"wp-block-image size-large circled\"><a href=\"\/da\/insta\"><img loading=\"lazy\" width=\"1920\" height=\"2560\" src=\"http:\/\/kidsofscandinavia.com\/wp-content\/uploads\/2018\/09\/A-scaled.jpg\" alt=\"\" class=\"wp-image-19\" srcset=\"https:\/\/kidsofscandinavia.com\/wp-content\/uploads\/2018\/09\/A-scaled.jpg 1920w, https:\/\/kidsofscandinavia.com\/wp-content\/uploads\/2018\/09\/A-scaled-600x800.jpg 600w\" sizes=\"(max-width: 1920px) 100vw, 1920px\" \/><\/a><figcaption>Find os p\u00e5 <strong>Instagram<\/strong><\/figcaption><\/figure>\n<\/div>\n\n\n\n<div class=\"wp-block-column hide-mobile hide-tablet-column\">\n<figure class=\"wp-block-image size-large circled\"><img loading=\"lazy\" width=\"700\" height=\"933\" src=\"http:\/\/kidsofscandinavia.com\/wp-content\/uploads\/2018\/09\/19-700x933.jpg\" alt=\"\" class=\"wp-image-16\" srcset=\"https:\/\/kidsofscandinavia.com\/wp-content\/uploads\/2018\/09\/19-700x933.jpg 700w, https:\/\/kidsofscandinavia.com\/wp-content\/uploads\/2018\/09\/19-600x800.jpg 600w, https:\/\/kidsofscandinavia.com\/wp-content\/uploads\/2018\/09\/19-250x333.jpg 250w, https:\/\/kidsofscandinavia.com\/wp-content\/uploads\/2018\/09\/19-768x1024.jpg 768w, https:\/\/kidsofscandinavia.com\/wp-content\/uploads\/2018\/09\/19-120x160.jpg 120w, https:\/\/kidsofscandinavia.com\/wp-content\/uploads\/2018\/09\/19-scaled.jpg 1920w\" sizes=\"(max-width: 700px) 100vw, 700px\" \/><\/figure>\n<\/div>\n\n\n\n<div class=\"wp-block-column hide-mobile hide-tablet-column\">\n<figure class=\"wp-block-image size-large circled\"><img loading=\"lazy\" width=\"1920\" height=\"2560\" src=\"http:\/\/kidsofscandinavia.com\/wp-content\/uploads\/2019\/09\/21-scaled.jpg\" alt=\"\" class=\"wp-image-256\" srcset=\"https:\/\/kidsofscandinavia.com\/wp-content\/uploads\/2019\/09\/21-scaled.jpg 1920w, https:\/\/kidsofscandinavia.com\/wp-content\/uploads\/2019\/09\/21-scaled-600x800.jpg 600w\" sizes=\"(max-width: 1920px) 100vw, 1920px\" \/><\/figure>\n<\/div>\n<\/div>\n","protected":false},"excerpt":{"rendered":"Bliv forhandler \u00d8nsker du at blive forhandler af vores s\u00f8de og h\u00f8j-kvalitets Miffy My Furniture serie i din fysiske butikog\/eller online, s\u00e5 skriv til os p\u00e5: info@kidsofscandinavia.com s\u00e5 vi sammen kan finde den bedste l\u00f8sning tilnetop dig og din butik","protected":false},"author":7,"featured_media":0,"parent":848,"menu_order":0,"comment_status":"closed","ping_status":"closed","template":"","meta":[],"_links":{"self":[{"href":"https:\/\/kidsofscandinavia.com\/da\/wp-json\/wp\/v2\/pages\/849"}],"collection":[{"href":"https:\/\/kidsofscandinavia.com\/da\/wp-json\/wp\/v2\/pages"}],"about":[{"href":"https:\/\/kidsofscandinavia.com\/da\/wp-json\/wp\/v2\/types\/page"}],"author":[{"embeddable":true,"href":"https:\/\/kidsofscandinavia.com\/da\/wp-json\/wp\/v2\/users\/7"}],"replies":[{"embeddable":true,"href":"https:\/\/kidsofscandinavia.com\/da\/wp-json\/wp\/v2\/comments?post=849"}],"version-history":[{"count":0,"href":"https:\/\/kidsofscandinavia.com\/da\/wp-json\/wp\/v2\/pages\/849\/revisions"}],"up":[{"embeddable":true,"href":"https:\/\/kidsofscandinavia.com\/da\/wp-json\/wp\/v2\/pages\/848"}],"wp:attachment":[{"href":"https:\/\/kidsofscandinavia.com\/da\/wp-json\/wp\/v2\/media?parent=849"}],"curies":[{"name":"wp","href":"https:\/\/api.w.org\/{rel}","templated":true}]}}